{"id":494,"date":"2023-12-22T18:13:42","date_gmt":"2023-12-22T18:13:42","guid":{"rendered":"https:\/\/avas.live\/transportation-logistics\/?page_id=18"},"modified":"2025-09-08T14:56:44","modified_gmt":"2025-09-08T14:56:44","slug":"sobre-nosotros","status":"publish","type":"page","link":"https:\/\/logisticalio.com.ar\/index.php\/sobre-nosotros\/","title":{"rendered":"Sobre Nosotros"},"content":{"rendered":"\t\t<div data-elementor-type=\"wp-page\" data-elementor-id=\"494\" class=\"elementor elementor-494\">\n\t\t\t\t<div class=\"elementor-element elementor-element-8db7996 e-flex e-con-boxed elementor-invisible e-con e-parent\" data-id=\"8db7996\" data-element_type=\"container\" data-e-type=\"container\" data-settings=\"{&quot;background_background&quot;:&quot;classic&quot;,&quot;animation&quot;:&quot;fadeIn&quot;}\">\n\t\t\t\t\t<div class=\"e-con-inner\">\n\t\t<div class=\"elementor-element elementor-element-fd11c8f e-con-full e-flex elementor-invisible e-con e-child\" data-id=\"fd11c8f\" data-element_type=\"container\" data-e-type=\"container\" data-settings=\"{&quot;animation&quot;:&quot;fadeInLeft&quot;}\">\n\t\t\t\t<div class=\"elementor-element elementor-element-5f9d705 elementor-widget elementor-widget-image\" data-id=\"5f9d705\" data-element_type=\"widget\" data-e-type=\"widget\" data-widget_type=\"image.default\">\n\t\t\t\t\t\t\t\t\t\t\t\t\t\t\t<img fetchpriority=\"high\" decoding=\"async\" width=\"2560\" height=\"1707\" src=\"https:\/\/logisticalio.com.ar\/wp-content\/uploads\/2025\/08\/pexels-ekaterina-bolovtsova-6077600-scaled.jpg\" class=\"attachment-full size-full wp-image-524\" alt=\"\" srcset=\"https:\/\/logisticalio.com.ar\/wp-content\/uploads\/2025\/08\/pexels-ekaterina-bolovtsova-6077600-scaled.jpg 2560w, https:\/\/logisticalio.com.ar\/wp-content\/uploads\/2025\/08\/pexels-ekaterina-bolovtsova-6077600-300x200.jpg 300w, https:\/\/logisticalio.com.ar\/wp-content\/uploads\/2025\/08\/pexels-ekaterina-bolovtsova-6077600-1024x683.jpg 1024w, https:\/\/logisticalio.com.ar\/wp-content\/uploads\/2025\/08\/pexels-ekaterina-bolovtsova-6077600-768x512.jpg 768w, https:\/\/logisticalio.com.ar\/wp-content\/uploads\/2025\/08\/pexels-ekaterina-bolovtsova-6077600-1536x1024.jpg 1536w, https:\/\/logisticalio.com.ar\/wp-content\/uploads\/2025\/08\/pexels-ekaterina-bolovtsova-6077600-2048x1365.jpg 2048w, https:\/\/logisticalio.com.ar\/wp-content\/uploads\/2025\/08\/pexels-ekaterina-bolovtsova-6077600-150x100.jpg 150w, https:\/\/logisticalio.com.ar\/wp-content\/uploads\/2025\/08\/pexels-ekaterina-bolovtsova-6077600-360x240.jpg 360w, https:\/\/logisticalio.com.ar\/wp-content\/uploads\/2025\/08\/pexels-ekaterina-bolovtsova-6077600-373x249.jpg 373w, https:\/\/logisticalio.com.ar\/wp-content\/uploads\/2025\/08\/pexels-ekaterina-bolovtsova-6077600-620x413.jpg 620w, https:\/\/logisticalio.com.ar\/wp-content\/uploads\/2025\/08\/pexels-ekaterina-bolovtsova-6077600-460x307.jpg 460w, https:\/\/logisticalio.com.ar\/wp-content\/uploads\/2025\/08\/pexels-ekaterina-bolovtsova-6077600-365x243.jpg 365w\" sizes=\"(max-width: 2560px) 100vw, 2560px\" \/>\t\t\t\t\t\t\t\t\t\t\t\t\t\t\t<\/div>\n\t\t\t\t<\/div>\n\t\t<div class=\"elementor-element elementor-element-669e218 e-con-full e-flex elementor-invisible e-con e-child\" data-id=\"669e218\" data-element_type=\"container\" data-e-type=\"container\" data-settings=\"{&quot;animation&quot;:&quot;fadeInRight&quot;}\">\n\t\t\t\t<div class=\"elementor-element elementor-element-a01ccb3 tx-hd-align-left elementor-widget elementor-widget-avas-heading\" data-id=\"a01ccb3\" data-element_type=\"widget\" data-e-type=\"widget\" data-widget_type=\"avas-heading.default\">\n\t\t\t\t<div class=\"elementor-widget-container\">\n\t\t\t\t\t        <div class=\"tx-hd-wrap\">\n\n            <div class=\"tx-hd-wm\"><\/div>\n\n            \n            <div class=\"tx-hd-sub\">Sobre Nosotros<\/div>\n                        <h2 class=\"tx-hd-title\">\n                <span class=\"tx-hd-first-part\">L.I.O. \u2013 Log\u00edstica Integral Ortiz<\/span>\n                <span class=\"tx-hd-last-part\"><\/span>\n            <\/h2>    \n            \n            <div class=\"tx-hd-desc\"><p><strong>L.I.O. \u2013 Log\u00edstica Integral Ortiz<\/strong> es una consultora especializada en el dise\u00f1o, an\u00e1lisis y mejora de procesos log\u00edsticos. <strong>Fundada por Cristian Leandro Ortiz, Licenciado en Gesti\u00f3n de Operaciones Log\u00edsticas y Estrat\u00e9gicas<\/strong>, ofrecemos soluciones estrat\u00e9gicas, medibles y adaptadas a cada organizaci\u00f3n.<\/p><p>Transformamos la log\u00edstica en una herramienta pr\u00e1ctica y confiable, dise\u00f1ando bases s\u00f3lidas para cada cliente mediante diagn\u00f3sticos t\u00e9cnicos, planificaci\u00f3n operativa y reestructuraci\u00f3n de procesos. Nuestro objetivo es optimizar recursos, reducir costos y proyectar mapas de procesos alineados a la planificaci\u00f3n estrat\u00e9gica de cada empresa.<\/p><\/div>\n\n\n                   \n        <\/div><!-- tx-hd-wrap -->\n\n\n\n\n\n\n\n\n\t\t\t\t<\/div>\n\t\t\t\t<\/div>\n\t\t\t\t<\/div>\n\t\t\t\t\t<\/div>\n\t\t\t\t<\/div>\n\t\t<div class=\"elementor-element elementor-element-0823150 e-con-full e-flex e-con e-parent\" data-id=\"0823150\" data-element_type=\"container\" data-e-type=\"container\">\n\t\t<div class=\"elementor-element elementor-element-b9da5cd e-con-full e-flex elementor-invisible e-con e-child\" data-id=\"b9da5cd\" data-element_type=\"container\" data-e-type=\"container\" data-settings=\"{&quot;animation&quot;:&quot;fadeInLeft&quot;}\">\n\t\t\t\t<div class=\"elementor-element elementor-element-20b43f5 tx-hd-align-left elementor-widget__width-initial tx-hd-align--mobileleft elementor-widget elementor-widget-avas-heading\" data-id=\"20b43f5\" data-element_type=\"widget\" data-e-type=\"widget\" data-widget_type=\"avas-heading.default\">\n\t\t\t\t<div class=\"elementor-widget-container\">\n\t\t\t\t\t        <div class=\"tx-hd-wrap\">\n\n            <div class=\"tx-hd-wm\"><\/div>\n\n            \n            <div class=\"tx-hd-sub\">Estos pilares definen qui\u00e9nes somos<\/div>\n                        <h2 class=\"tx-hd-title\">\n                <span class=\"tx-hd-first-part\">Transformamos tu log\u00edstica en una herramienta estrat\u00e9gica<\/span>\n                <span class=\"tx-hd-last-part\"><\/span>\n            <\/h2>    \n            \n            <div class=\"tx-hd-desc\"><\/div>\n\n\n                   \n        <\/div><!-- tx-hd-wrap -->\n\n\n\n\n\n\n\n\n\t\t\t\t<\/div>\n\t\t\t\t<\/div>\n\t\t\t\t<div class=\"elementor-element elementor-element-d025af1 elementor-widget__width-initial elementor-widget-mobile__width-initial elementor-widget elementor-widget-avas-icon-box\" data-id=\"d025af1\" data-element_type=\"widget\" data-e-type=\"widget\" data-widget_type=\"avas-icon-box.default\">\n\t\t\t\t<div class=\"elementor-widget-container\">\n\t\t\t\t\t\t\n\t\t<div class=\"tx-icon-box-wrap style-2 left\">\n\n\t\t\t<div class=\"tx-icon-box-icon\">\n\t\t\t\t\t\t\t\t\t\t\n\t\t\t\t\t\t<img decoding=\"async\" width=\"1667\" height=\"1667\" src=\"https:\/\/logisticalio.com.ar\/wp-content\/uploads\/2025\/08\/Icons-web-14.png\" class=\"attachment-full size-full wp-image-728\" alt=\"\" srcset=\"https:\/\/logisticalio.com.ar\/wp-content\/uploads\/2025\/08\/Icons-web-14.png 1667w, https:\/\/logisticalio.com.ar\/wp-content\/uploads\/2025\/08\/Icons-web-14-300x300.png 300w, https:\/\/logisticalio.com.ar\/wp-content\/uploads\/2025\/08\/Icons-web-14-1024x1024.png 1024w, https:\/\/logisticalio.com.ar\/wp-content\/uploads\/2025\/08\/Icons-web-14-150x150.png 150w, https:\/\/logisticalio.com.ar\/wp-content\/uploads\/2025\/08\/Icons-web-14-768x768.png 768w, https:\/\/logisticalio.com.ar\/wp-content\/uploads\/2025\/08\/Icons-web-14-1536x1536.png 1536w, https:\/\/logisticalio.com.ar\/wp-content\/uploads\/2025\/08\/Icons-web-14-525x525.png 525w, https:\/\/logisticalio.com.ar\/wp-content\/uploads\/2025\/08\/Icons-web-14-80x80.png 80w, https:\/\/logisticalio.com.ar\/wp-content\/uploads\/2025\/08\/Icons-web-14-360x360.png 360w, https:\/\/logisticalio.com.ar\/wp-content\/uploads\/2025\/08\/Icons-web-14-373x373.png 373w, https:\/\/logisticalio.com.ar\/wp-content\/uploads\/2025\/08\/Icons-web-14-620x620.png 620w, https:\/\/logisticalio.com.ar\/wp-content\/uploads\/2025\/08\/Icons-web-14-460x460.png 460w, https:\/\/logisticalio.com.ar\/wp-content\/uploads\/2025\/08\/Icons-web-14-365x365.png 365w\" sizes=\"(max-width: 1667px) 100vw, 1667px\" \/>\t\t\t\t\t\n\t\t\t\t\n\t\t\t<\/div><!-- tx-icon-box-icon -->\n\n\t\t\t<div class=\"tx-icon-box-content-wrap\">\n\n\t\t\t\t\t\t\t\t\t\t\t\t<h4 class=\"tx-icon-box-title\">\n\t\t\t\tMisi\u00f3n\t\t\t\t<\/h4>\n\t\t\t\t\t\t\t\t\n\t\t\t\t<div class=\"tx-icon-box-desc\"><p>Proporcionar mejoras integrales en los procesos log\u00edsticos, optimizando la cadena de suministros mediante planes estrat\u00e9gicos que minimicen stocks e inventarios.<\/p><\/div>\n\t\t\t\t\t\t\t<\/div><!-- tx-icon-box-content-wrap -->\n\n\t\t<\/div><!-- tx-icon-box-wrap -->\n\n\t\t\t\t<\/div>\n\t\t\t\t<\/div>\n\t\t\t\t<div class=\"elementor-element elementor-element-cbb962d elementor-widget__width-initial elementor-widget-mobile__width-initial elementor-widget elementor-widget-avas-icon-box\" data-id=\"cbb962d\" data-element_type=\"widget\" data-e-type=\"widget\" data-widget_type=\"avas-icon-box.default\">\n\t\t\t\t<div class=\"elementor-widget-container\">\n\t\t\t\t\t\t\n\t\t<div class=\"tx-icon-box-wrap style-2 left\">\n\n\t\t\t<div class=\"tx-icon-box-icon\">\n\t\t\t\t\t\t\t\t\t\t\n\t\t\t\t\t\t<img decoding=\"async\" width=\"1667\" height=\"1667\" src=\"https:\/\/logisticalio.com.ar\/wp-content\/uploads\/2025\/08\/Icons-web-15.png\" class=\"attachment-full size-full wp-image-729\" alt=\"\" srcset=\"https:\/\/logisticalio.com.ar\/wp-content\/uploads\/2025\/08\/Icons-web-15.png 1667w, https:\/\/logisticalio.com.ar\/wp-content\/uploads\/2025\/08\/Icons-web-15-300x300.png 300w, https:\/\/logisticalio.com.ar\/wp-content\/uploads\/2025\/08\/Icons-web-15-1024x1024.png 1024w, https:\/\/logisticalio.com.ar\/wp-content\/uploads\/2025\/08\/Icons-web-15-150x150.png 150w, https:\/\/logisticalio.com.ar\/wp-content\/uploads\/2025\/08\/Icons-web-15-768x768.png 768w, https:\/\/logisticalio.com.ar\/wp-content\/uploads\/2025\/08\/Icons-web-15-1536x1536.png 1536w, https:\/\/logisticalio.com.ar\/wp-content\/uploads\/2025\/08\/Icons-web-15-525x525.png 525w, https:\/\/logisticalio.com.ar\/wp-content\/uploads\/2025\/08\/Icons-web-15-80x80.png 80w, https:\/\/logisticalio.com.ar\/wp-content\/uploads\/2025\/08\/Icons-web-15-360x360.png 360w, https:\/\/logisticalio.com.ar\/wp-content\/uploads\/2025\/08\/Icons-web-15-373x373.png 373w, https:\/\/logisticalio.com.ar\/wp-content\/uploads\/2025\/08\/Icons-web-15-620x620.png 620w, https:\/\/logisticalio.com.ar\/wp-content\/uploads\/2025\/08\/Icons-web-15-460x460.png 460w, https:\/\/logisticalio.com.ar\/wp-content\/uploads\/2025\/08\/Icons-web-15-365x365.png 365w\" sizes=\"(max-width: 1667px) 100vw, 1667px\" \/>\t\t\t\t\t\n\t\t\t\t\n\t\t\t<\/div><!-- tx-icon-box-icon -->\n\n\t\t\t<div class=\"tx-icon-box-content-wrap\">\n\n\t\t\t\t\t\t\t\t\t\t\t\t<h4 class=\"tx-icon-box-title\">\n\t\t\t\tVisi\u00f3n\t\t\t\t<\/h4>\n\t\t\t\t\t\t\t\t\n\t\t\t\t<div class=\"tx-icon-box-desc\"><p>Ser referentes en la transformaci\u00f3n operativa de empresas, logrando optimizaci\u00f3n de costos y resultados sostenibles en sus procesos log\u00edsticos y administrativos.<\/p><\/div>\n\t\t\t\t\t\t\t<\/div><!-- tx-icon-box-content-wrap -->\n\n\t\t<\/div><!-- tx-icon-box-wrap -->\n\n\t\t\t\t<\/div>\n\t\t\t\t<\/div>\n\t\t\t\t<div class=\"elementor-element elementor-element-0e350cf elementor-widget__width-initial elementor-widget-mobile__width-initial elementor-widget elementor-widget-avas-icon-box\" data-id=\"0e350cf\" data-element_type=\"widget\" data-e-type=\"widget\" data-widget_type=\"avas-icon-box.default\">\n\t\t\t\t<div class=\"elementor-widget-container\">\n\t\t\t\t\t\t\n\t\t<div class=\"tx-icon-box-wrap style-2 left\">\n\n\t\t\t<div class=\"tx-icon-box-icon\">\n\t\t\t\t\t\t\t\t\t\t\n\t\t\t\t\t\t<img loading=\"lazy\" decoding=\"async\" width=\"1667\" height=\"1667\" src=\"https:\/\/logisticalio.com.ar\/wp-content\/uploads\/2025\/08\/Icons-web-16.png\" class=\"attachment-full size-full wp-image-730\" alt=\"\" srcset=\"https:\/\/logisticalio.com.ar\/wp-content\/uploads\/2025\/08\/Icons-web-16.png 1667w, https:\/\/logisticalio.com.ar\/wp-content\/uploads\/2025\/08\/Icons-web-16-300x300.png 300w, https:\/\/logisticalio.com.ar\/wp-content\/uploads\/2025\/08\/Icons-web-16-1024x1024.png 1024w, https:\/\/logisticalio.com.ar\/wp-content\/uploads\/2025\/08\/Icons-web-16-150x150.png 150w, https:\/\/logisticalio.com.ar\/wp-content\/uploads\/2025\/08\/Icons-web-16-768x768.png 768w, https:\/\/logisticalio.com.ar\/wp-content\/uploads\/2025\/08\/Icons-web-16-1536x1536.png 1536w, https:\/\/logisticalio.com.ar\/wp-content\/uploads\/2025\/08\/Icons-web-16-525x525.png 525w, https:\/\/logisticalio.com.ar\/wp-content\/uploads\/2025\/08\/Icons-web-16-80x80.png 80w, https:\/\/logisticalio.com.ar\/wp-content\/uploads\/2025\/08\/Icons-web-16-360x360.png 360w, https:\/\/logisticalio.com.ar\/wp-content\/uploads\/2025\/08\/Icons-web-16-373x373.png 373w, https:\/\/logisticalio.com.ar\/wp-content\/uploads\/2025\/08\/Icons-web-16-620x620.png 620w, https:\/\/logisticalio.com.ar\/wp-content\/uploads\/2025\/08\/Icons-web-16-460x460.png 460w, https:\/\/logisticalio.com.ar\/wp-content\/uploads\/2025\/08\/Icons-web-16-365x365.png 365w\" sizes=\"(max-width: 1667px) 100vw, 1667px\" \/>\t\t\t\t\t\n\t\t\t\t\n\t\t\t<\/div><!-- tx-icon-box-icon -->\n\n\t\t\t<div class=\"tx-icon-box-content-wrap\">\n\n\t\t\t\t\t\t\t\t\t\t\t\t<h4 class=\"tx-icon-box-title\">\n\t\t\t\tValores\t\t\t\t<\/h4>\n\t\t\t\t\t\t\t\t\n\t\t\t\t<div class=\"tx-icon-box-desc\"><p>Actuamos con \u00e9tica, confidencialidad y compromiso. Buscamos la excelencia, promovemos la mejora continua y valoramos la competitividad con enfoque humano.<\/p><\/div>\n\t\t\t\t\t\t\t<\/div><!-- tx-icon-box-content-wrap -->\n\n\t\t<\/div><!-- tx-icon-box-wrap -->\n\n\t\t\t\t<\/div>\n\t\t\t\t<\/div>\n\t\t\t\t<\/div>\n\t\t\t\t<\/div>\n\t\t<div class=\"elementor-element elementor-element-e272ffb e-flex e-con-boxed elementor-invisible e-con e-parent\" data-id=\"e272ffb\" data-element_type=\"container\" data-e-type=\"container\" data-settings=\"{&quot;background_background&quot;:&quot;classic&quot;,&quot;animation&quot;:&quot;fadeIn&quot;}\">\n\t\t\t\t\t<div class=\"e-con-inner\">\n\t\t\t\t<div class=\"elementor-element elementor-element-ec7728c tx-hd-align-center elementor-invisible elementor-widget elementor-widget-avas-heading\" data-id=\"ec7728c\" data-element_type=\"widget\" data-e-type=\"widget\" data-settings=\"{&quot;_animation&quot;:&quot;fadeIn&quot;}\" data-widget_type=\"avas-heading.default\">\n\t\t\t\t<div class=\"elementor-widget-container\">\n\t\t\t\t\t        <div class=\"tx-hd-wrap\">\n\n            <div class=\"tx-hd-wm\"><\/div>\n\n            \n            <div class=\"tx-hd-sub\"><\/div>\n                        <h2 class=\"tx-hd-title\">\n                <span class=\"tx-hd-first-part\">Metas S.M.A.R.T.<\/span>\n                <span class=\"tx-hd-last-part\"><\/span>\n            <\/h2>    \n            \n            <div class=\"tx-hd-desc\"><p>Compromisos concretos que gu\u00edan nuestra acci\u00f3n.<\/p><\/div>\n\n\n                   \n        <\/div><!-- tx-hd-wrap -->\n\n\n\n\n\n\n\n\n\t\t\t\t<\/div>\n\t\t\t\t<\/div>\n\t\t\t\t<div class=\"elementor-element elementor-element-2b94c40 elementor-widget elementor-widget-avas-progress-bar\" data-id=\"2b94c40\" data-element_type=\"widget\" data-e-type=\"widget\" data-widget_type=\"avas-progress-bar.default\">\n\t\t\t\t<div class=\"elementor-widget-container\">\n\t\t\t\t\t\r\n                    <div class=\"tx-progress-bar-wrapper tx-progress-bar-style-horizontal tx-progress-value-inner elementor-repeater-item-f4049a6\" >\r\n                        <p class=\"tx_progress_title\">Optimizar al menos 15 procesos log\u00edsticos internos en el primer a\u00f1o.<\/p>\r\n                        <div class=\"tx-progressbar-content\">\r\n                            <div class=\"tx-progress-bar wow fadeInLeft\" data-wow-duration=\"2s\" data-wow-delay=\"0\" role=\"progressbar\"\r\n                                style=\"width:15%;\" aria-valuenow=\"15\" aria-valuemin=\"0\" aria-valuemax=\"100\">\r\n                                <span class=\"percent-label\">15%<\/span>\r\n                            <\/div>\r\n                        <\/div>\r\n                    <\/div>\r\n\r\n            \r\n                    <div class=\"tx-progress-bar-wrapper tx-progress-bar-style-horizontal tx-progress-value-inner elementor-repeater-item-56e8e24\" >\r\n                        <p class=\"tx_progress_title\">Reducir en promedio un 15% los costos log\u00edsticos en los primeros 6 meses de trabajo con cada cliente.<\/p>\r\n                        <div class=\"tx-progressbar-content\">\r\n                            <div class=\"tx-progress-bar wow fadeInLeft\" data-wow-duration=\"2s\" data-wow-delay=\"0\" role=\"progressbar\"\r\n                                style=\"width:20%;\" aria-valuenow=\"20\" aria-valuemin=\"0\" aria-valuemax=\"100\">\r\n                                <span class=\"percent-label\">20%<\/span>\r\n                            <\/div>\r\n                        <\/div>\r\n                    <\/div>\r\n\r\n            \r\n                    <div class=\"tx-progress-bar-wrapper tx-progress-bar-style-horizontal tx-progress-value-inner elementor-repeater-item-39528b7\" >\r\n                        <p class=\"tx_progress_title\">Desarrollar una herramienta digital propia para control log\u00edstico antes del segundo a\u00f1o<\/p>\r\n                        <div class=\"tx-progressbar-content\">\r\n                            <div class=\"tx-progress-bar wow fadeInLeft\" data-wow-duration=\"2s\" data-wow-delay=\"0\" role=\"progressbar\"\r\n                                style=\"width:5%;\" aria-valuenow=\"5\" aria-valuemin=\"0\" aria-valuemax=\"100\">\r\n                                <span class=\"percent-label\">5%<\/span>\r\n                            <\/div>\r\n                        <\/div>\r\n                    <\/div>\r\n\r\n            \t\t\t\t<\/div>\n\t\t\t\t<\/div>\n\t\t\t\t\t<\/div>\n\t\t\t\t<\/div>\n\t\t<div class=\"elementor-element elementor-element-2c94150 e-flex e-con-boxed elementor-invisible e-con e-parent\" data-id=\"2c94150\" data-element_type=\"container\" data-e-type=\"container\" data-settings=\"{&quot;background_background&quot;:&quot;classic&quot;,&quot;animation&quot;:&quot;fadeIn&quot;}\">\n\t\t\t\t\t<div class=\"e-con-inner\">\n\t\t<div class=\"elementor-element elementor-element-29f7cc0 e-con-full e-flex elementor-invisible e-con e-child\" data-id=\"29f7cc0\" data-element_type=\"container\" data-e-type=\"container\" data-settings=\"{&quot;animation&quot;:&quot;fadeInLeft&quot;}\">\n\t\t\t\t<div class=\"elementor-element elementor-element-dd1e77b tx-hd-align-left elementor-widget elementor-widget-avas-heading\" data-id=\"dd1e77b\" data-element_type=\"widget\" data-e-type=\"widget\" data-widget_type=\"avas-heading.default\">\n\t\t\t\t<div class=\"elementor-widget-container\">\n\t\t\t\t\t        <div class=\"tx-hd-wrap\">\n\n            <div class=\"tx-hd-wm\"><\/div>\n\n            \n            <div class=\"tx-hd-sub\">Solicitar un Presupuesto<\/div>\n                        <h2 class=\"tx-hd-title\">\n                <span class=\"tx-hd-first-part\">Solicit\u00e1 una propuesta alineada a tus objetivos operativos.<\/span>\n                <span class=\"tx-hd-last-part\"><\/span>\n            <\/h2>    \n            \n            <div class=\"tx-hd-desc\"><\/div>\n\n\n                   \n        <\/div><!-- tx-hd-wrap -->\n\n\n\n\n\n\n\n\n\t\t\t\t<\/div>\n\t\t\t\t<\/div>\n\t\t\t\t<\/div>\n\t\t<div class=\"elementor-element elementor-element-7edf391 e-con-full e-flex elementor-invisible e-con e-child\" data-id=\"7edf391\" data-element_type=\"container\" data-e-type=\"container\" data-settings=\"{&quot;animation&quot;:&quot;zoomIn&quot;}\">\n\t\t\t\t<div class=\"elementor-element elementor-element-9e04fa7 elementor-align-center elementor-widget elementor-widget-button\" data-id=\"9e04fa7\" data-element_type=\"widget\" data-e-type=\"widget\" data-widget_type=\"button.default\">\n\t\t\t\t\t\t\t\t\t\t<a class=\"elementor-button elementor-button-link elementor-size-sm elementor-animation-grow\" href=\"https:\/\/logisticalio.com.ar\/index.php\/contacto\/\">\n\t\t\t\t\t\t<span class=\"elementor-button-content-wrapper\">\n\t\t\t\t\t\t\t\t\t<span class=\"elementor-button-text\">Cont\u00e1ctanos<\/span>\n\t\t\t\t\t<\/span>\n\t\t\t\t\t<\/a>\n\t\t\t\t\t\t\t\t<\/div>\n\t\t\t\t<\/div>\n\t\t\t\t\t<\/div>\n\t\t\t\t<\/div>\n\t\t\t\t<\/div>\n\t\t","protected":false},"excerpt":{"rendered":"<p class=\"tx-excerpt\">Sobre Nosotros L.I.O. \u2013 Log\u00edstica Integral Ortiz L.I.O. \u2013 Log\u00edstica Integral Ortiz es una consultora especializada en el dise\u00f1o, an\u00e1lisis y mejora de procesos log\u00edsticos....<\/p>","protected":false},"author":1,"featured_media":0,"parent":0,"menu_order":0,"comment_status":"closed","ping_status":"closed","template":"elementor_header_footer","meta":{"footnotes":""},"class_list":["post-494","page","type-page","status-publish","hentry"],"aioseo_notices":[],"_links":{"self":[{"href":"https:\/\/logisticalio.com.ar\/index.php\/wp-json\/wp\/v2\/pages\/494","targetHints":{"allow":["GET"]}}],"collection":[{"href":"https:\/\/logisticalio.com.ar\/index.php\/wp-json\/wp\/v2\/pages"}],"about":[{"href":"https:\/\/logisticalio.com.ar\/index.php\/wp-json\/wp\/v2\/types\/page"}],"author":[{"embeddable":true,"href":"https:\/\/logisticalio.com.ar\/index.php\/wp-json\/wp\/v2\/users\/1"}],"replies":[{"embeddable":true,"href":"https:\/\/logisticalio.com.ar\/index.php\/wp-json\/wp\/v2\/comments?post=494"}],"version-history":[{"count":119,"href":"https:\/\/logisticalio.com.ar\/index.php\/wp-json\/wp\/v2\/pages\/494\/revisions"}],"predecessor-version":[{"id":1036,"href":"https:\/\/logisticalio.com.ar\/index.php\/wp-json\/wp\/v2\/pages\/494\/revisions\/1036"}],"wp:attachment":[{"href":"https:\/\/logisticalio.com.ar\/index.php\/wp-json\/wp\/v2\/media?parent=494"}],"curies":[{"name":"wp","href":"https:\/\/api.w.org\/{rel}","templated":true}]}}